{"id":219,"date":"2025-06-29T10:13:02","date_gmt":"2025-06-29T10:13:02","guid":{"rendered":"https:\/\/parfemskimanijak.com\/?page_id=219"},"modified":"2025-07-30T13:35:14","modified_gmt":"2025-07-30T13:35:14","slug":"nasa-prica","status":"publish","type":"page","link":"https:\/\/parfemskimanijak.com\/?page_id=219","title":{"rendered":"Na\u0161a pri\u010da"},"content":{"rendered":"<p>[et_pb_section fb_built=&#8221;1&#8221; _builder_version=&#8221;4.27.4&#8221; _module_preset=&#8221;default&#8221; background_color=&#8221;#314243&#8221; background_enable_image=&#8221;off&#8221; custom_margin=&#8221;||-3px|||&#8221; custom_padding=&#8221;||9px|||&#8221; global_colors_info=&#8221;{}&#8221;][\/et_pb_section][et_pb_section fb_built=&#8221;1&#8221; _builder_version=&#8221;4.27.4&#8221; _module_preset=&#8221;default&#8221; custom_margin=&#8221;||4px|||&#8221; custom_padding=&#8221;59px||13px|||&#8221; global_colors_info=&#8221;{}&#8221;][et_pb_row _builder_version=&#8221;4.27.4&#8221; _module_preset=&#8221;default&#8221; custom_padding=&#8221;||15px|||&#8221; global_colors_info=&#8221;{}&#8221;][et_pb_column type=&#8221;4_4&#8221; _builder_version=&#8221;4.27.4&#8221; _module_preset=&#8221;default&#8221; global_colors_info=&#8221;{}&#8221;][et_pb_text _builder_version=&#8221;4.27.4&#8221; _module_preset=&#8221;default&#8221; header_font=&#8221;|700|||||||&#8221; global_colors_info=&#8221;{}&#8221;]<\/p>\n<h1 style=\"text-align: center;\">\u00a0Na\u0161a pri\u010da<\/h1>\n<p>[\/et_pb_text][\/et_pb_column][\/et_pb_row][\/et_pb_section][et_pb_section fb_built=&#8221;1&#8221; prev_background_color=&#8221;#ffffff&#8221; next_background_color=&#8221;#ffffff&#8221; _builder_version=&#8221;4.27.4&#8221; _module_preset=&#8221;default&#8221; background_color=&#8221;#f2f5f7&#8221; custom_margin=&#8221;||164px|||&#8221; custom_padding=&#8221;106px|||||&#8221; top_divider_style=&#8221;mountains&#8221; bottom_divider_style=&#8221;mountains2&#8221; global_colors_info=&#8221;{}&#8221;][et_pb_row column_structure=&#8221;1_2,1_2&#8221; _builder_version=&#8221;4.27.4&#8221; _module_preset=&#8221;default&#8221; global_colors_info=&#8221;{}&#8221;][et_pb_column type=&#8221;1_2&#8221; _builder_version=&#8221;4.27.4&#8221; _module_preset=&#8221;default&#8221; global_colors_info=&#8221;{}&#8221;][et_pb_text _builder_version=&#8221;4.27.4&#8221; _module_preset=&#8221;default&#8221; text_font_size=&#8221;16px&#8221; global_colors_info=&#8221;{}&#8221;]<b>\u0160to nas \u010dini posebnima?<\/b><\/p>\n<p>Iza svega \u0161to radimo stoji ljubav \u2013 prema mirisima, njezi i osje\u0107aju zadovoljstva koji oni donose. Mi smo mali tim velikih zaljubljenika u sve \u0161to lijepo miri\u0161e i njeguje du\u0161u i tijelo. Na\u0161a misija je jednostavna \u2013 \u017eelimo vam pribli\u017eiti svijet mirisa i luksuza, na na\u010din koji je topao, pristupa\u010dan i iskren.<\/p>\n<p>Za\u0161to ba\u0161 mi? Zato \u0161to radimo iz srca. Svaki \u010dlan na\u0161eg tima \u017eivi i di\u0161e mirise \u2013 od najfinijih parfema do nje\u017enih mlijeka za tijelo i osvje\u017eavaju\u0107ih body mistova. Za nas to nisu samo proizvodi. To su trenuci radosti, samopouzdanja i posebnosti koje \u017eelimo podijeliti s vama.[\/et_pb_text][\/et_pb_column][et_pb_column type=&#8221;1_2&#8221; _builder_version=&#8221;4.27.4&#8221; _module_preset=&#8221;default&#8221; global_colors_info=&#8221;{}&#8221;][et_pb_image src=&#8221;https:\/\/parfemskimanijak.com\/wp-content\/uploads\/2025\/06\/onama.jpg&#8221; title_text=&#8221;onama&#8221; _builder_version=&#8221;4.27.4&#8221; _module_preset=&#8221;default&#8221; global_colors_info=&#8221;{}&#8221;][\/et_pb_image][\/et_pb_column][\/et_pb_row][et_pb_row column_structure=&#8221;1_2,1_2&#8221; _builder_version=&#8221;4.27.4&#8221; _module_preset=&#8221;default&#8221; custom_margin=&#8221;81px|auto||auto||&#8221; global_colors_info=&#8221;{}&#8221;][et_pb_column type=&#8221;1_2&#8221; _builder_version=&#8221;4.27.4&#8221; _module_preset=&#8221;default&#8221; global_colors_info=&#8221;{}&#8221;][et_pb_image src=&#8221;https:\/\/parfemskimanijak.com\/wp-content\/uploads\/2025\/06\/onama2.jpg&#8221; title_text=&#8221;onama2&#8221; _builder_version=&#8221;4.27.4&#8221; _module_preset=&#8221;default&#8221; global_colors_info=&#8221;{}&#8221;][\/et_pb_image][\/et_pb_column][et_pb_column type=&#8221;1_2&#8221; _builder_version=&#8221;4.27.4&#8221; _module_preset=&#8221;default&#8221; global_colors_info=&#8221;{}&#8221;][et_pb_text _builder_version=&#8221;4.27.4&#8221; _module_preset=&#8221;default&#8221; text_font_size=&#8221;16px&#8221; global_colors_info=&#8221;{}&#8221;]<b>Vjerujemo da luksuz pripada svima<\/b><\/p>\n<p>U Gloryju vjerujemo da svatko zaslu\u017euje osje\u0107ati se posebno. Zato biramo proizvode koji odi\u0161u elegancijom, ali i pa\u017eljivo pazimo da ostanu dostupni \u2013 kako biste mogli u\u017eivati u vrhunskoj kvaliteti bez gri\u017enje savjesti zbog tro\u0161kova.<\/p>\n<p>Na\u0161a ponuda nije samo trgovina \u2013 to je mali kutak za u\u017eivanje, otkrivanje i inspiraciju. Tu smo da vam pomognemo prona\u0107i onaj miris koji \u0107e vas odu\u0161eviti ili proizvod koji \u0107e uljep\u0161ati va\u0161 dan. I ako vam zatreba savjet \u2013 tu smo. Prijateljski, iskreno i sa \u017eeljom da vam pomognemo prona\u0107i ba\u0161 ono \u0161to tra\u017eite.[\/et_pb_text][\/et_pb_column][\/et_pb_row][\/et_pb_section][et_pb_section fb_built=&#8221;1&#8221; _builder_version=&#8221;4.27.4&#8221; _module_preset=&#8221;default&#8221; custom_padding=&#8221;12px|||||&#8221; global_colors_info=&#8221;{}&#8221;][et_pb_row column_structure=&#8221;1_3,1_3,1_3&#8221; use_custom_gutter=&#8221;on&#8221; gutter_width=&#8221;2&#8221; _builder_version=&#8221;4.27.4&#8221; _module_preset=&#8221;default&#8221; width=&#8221;56%&#8221; global_colors_info=&#8221;{}&#8221; global_module=&#8221;732&#8221; theme_builder_area=&#8221;post_content&#8221;][et_pb_column type=&#8221;1_3&#8221; _builder_version=&#8221;4.27.4&#8221; _module_preset=&#8221;default&#8221; global_colors_info=&#8221;{}&#8221; theme_builder_area=&#8221;post_content&#8221;][et_pb_image src=&#8221;https:\/\/parfemskimanijak.com\/wp-content\/uploads\/2025\/06\/muski.jpg&#8221; title_text=&#8221;muski&#8221; url=&#8221;https:\/\/parfemskimanijak.com\/?page_id=184&#8221; _builder_version=&#8221;4.27.4&#8221; _module_preset=&#8221;default&#8221; background_image=&#8221;https:\/\/parfemskimanijak.com\/wp-content\/uploads\/2025\/06\/muski-parfemi.jpg&#8221; global_colors_info=&#8221;{}&#8221; theme_builder_area=&#8221;post_content&#8221;][\/et_pb_image][\/et_pb_column][et_pb_column type=&#8221;1_3&#8221; _builder_version=&#8221;4.27.4&#8221; _module_preset=&#8221;default&#8221; global_colors_info=&#8221;{}&#8221; theme_builder_area=&#8221;post_content&#8221;][et_pb_image src=&#8221;https:\/\/parfemskimanijak.com\/wp-content\/uploads\/2025\/06\/zenski.jpg&#8221; title_text=&#8221;zenski&#8221; url=&#8221;https:\/\/parfemskimanijak.com\/?page_id=191&#8221; _builder_version=&#8221;4.27.4&#8221; _module_preset=&#8221;default&#8221; background_image=&#8221;https:\/\/parfemskimanijak.com\/wp-content\/uploads\/2025\/06\/muski-parfemi.jpg&#8221; global_colors_info=&#8221;{}&#8221; theme_builder_area=&#8221;post_content&#8221;][\/et_pb_image][\/et_pb_column][et_pb_column type=&#8221;1_3&#8221; _builder_version=&#8221;4.27.4&#8221; _module_preset=&#8221;default&#8221; global_colors_info=&#8221;{}&#8221; theme_builder_area=&#8221;post_content&#8221;][et_pb_image src=&#8221;https:\/\/parfemskimanijak.com\/wp-content\/uploads\/2025\/06\/unisex.jpg&#8221; title_text=&#8221;unisex&#8221; url=&#8221;https:\/\/parfemskimanijak.com\/?page_id=195&#8221; _builder_version=&#8221;4.27.4&#8221; _module_preset=&#8221;default&#8221; background_image=&#8221;https:\/\/parfemskimanijak.com\/wp-content\/uploads\/2025\/06\/muski-parfemi.jpg&#8221; global_colors_info=&#8221;{}&#8221; theme_builder_area=&#8221;post_content&#8221;][\/et_pb_image][\/et_pb_column][\/et_pb_row][\/et_pb_section]<\/p>\n","protected":false},"excerpt":{"rendered":"<p>\u00a0Na\u0161a pri\u010da\u0160to nas \u010dini posebnima? Iza svega \u0161to radimo stoji ljubav \u2013 prema mirisima, njezi i osje\u0107aju zadovoljstva koji oni donose. Mi smo mali tim velikih zaljubljenika u sve \u0161to lijepo miri\u0161e i njeguje du\u0161u i tijelo. Na\u0161a misija je jednostavna \u2013 \u017eelimo vam pribli\u017eiti svijet mirisa i luksuza, na na\u010din koji je topao, pristupa\u010dan [&hellip;]<\/p>\n","protected":false},"author":1,"featured_media":0,"parent":0,"menu_order":0,"comment_status":"closed","ping_status":"closed","template":"","meta":{"_et_pb_use_builder":"on","_et_pb_old_content":"","_et_gb_content_width":"","footnotes":""},"class_list":["post-219","page","type-page","status-publish","hentry"],"_links":{"self":[{"href":"https:\/\/parfemskimanijak.com\/index.php?rest_route=\/wp\/v2\/pages\/219","targetHints":{"allow":["GET"]}}],"collection":[{"href":"https:\/\/parfemskimanijak.com\/index.php?rest_route=\/wp\/v2\/pages"}],"about":[{"href":"https:\/\/parfemskimanijak.com\/index.php?rest_route=\/wp\/v2\/types\/page"}],"author":[{"embeddable":true,"href":"https:\/\/parfemskimanijak.com\/index.php?rest_route=\/wp\/v2\/users\/1"}],"replies":[{"embeddable":true,"href":"https:\/\/parfemskimanijak.com\/index.php?rest_route=%2Fwp%2Fv2%2Fcomments&post=219"}],"version-history":[{"count":3,"href":"https:\/\/parfemskimanijak.com\/index.php?rest_route=\/wp\/v2\/pages\/219\/revisions"}],"predecessor-version":[{"id":734,"href":"https:\/\/parfemskimanijak.com\/index.php?rest_route=\/wp\/v2\/pages\/219\/revisions\/734"}],"wp:attachment":[{"href":"https:\/\/parfemskimanijak.com\/index.php?rest_route=%2Fwp%2Fv2%2Fmedia&parent=219"}],"curies":[{"name":"wp","href":"https:\/\/api.w.org\/{rel}","templated":true}]}}