{"id":229,"date":"2025-06-29T10:17:31","date_gmt":"2025-06-29T10:17:31","guid":{"rendered":"https:\/\/parfemskimanijak.com\/?page_id=229"},"modified":"2025-07-30T13:46:50","modified_gmt":"2025-07-30T13:46:50","slug":"kontakt","status":"publish","type":"page","link":"https:\/\/parfemskimanijak.com\/?page_id=229","title":{"rendered":"Kontakt"},"content":{"rendered":"<p>[et_pb_section fb_built=&#8221;1&#8221; _builder_version=&#8221;4.27.4&#8221; _module_preset=&#8221;default&#8221; background_color=&#8221;#314243&#8221; background_enable_image=&#8221;off&#8221; custom_margin=&#8221;||-3px|||&#8221; custom_padding=&#8221;||9px|||&#8221; global_colors_info=&#8221;{}&#8221;][\/et_pb_section][et_pb_section fb_built=&#8221;1&#8221; _builder_version=&#8221;4.27.4&#8221; _module_preset=&#8221;default&#8221; custom_margin=&#8221;||4px|||&#8221; custom_padding=&#8221;59px||13px|||&#8221; global_colors_info=&#8221;{}&#8221;][et_pb_row _builder_version=&#8221;4.27.4&#8221; _module_preset=&#8221;default&#8221; custom_padding=&#8221;||15px|||&#8221; global_colors_info=&#8221;{}&#8221;][et_pb_column type=&#8221;4_4&#8221; _builder_version=&#8221;4.27.4&#8221; _module_preset=&#8221;default&#8221; global_colors_info=&#8221;{}&#8221;][et_pb_text _builder_version=&#8221;4.27.4&#8221; _module_preset=&#8221;default&#8221; header_font=&#8221;|700|||||||&#8221; global_colors_info=&#8221;{}&#8221;]<\/p>\n<h1 style=\"text-align: center;\">\u00a0Parfemi Podgorica Kontakt<\/h1>\n<p>[\/et_pb_text][\/et_pb_column][\/et_pb_row][\/et_pb_section][et_pb_section fb_built=&#8221;1&#8221; prev_background_color=&#8221;#ffffff&#8221; next_background_color=&#8221;#ffffff&#8221; _builder_version=&#8221;4.27.4&#8221; _module_preset=&#8221;default&#8221; background_color=&#8221;#f2f5f7&#8221; custom_margin=&#8221;||164px|||&#8221; custom_padding=&#8221;106px|||||&#8221; top_divider_style=&#8221;mountains&#8221; bottom_divider_style=&#8221;mountains2&#8221; global_colors_info=&#8221;{}&#8221;][et_pb_row column_structure=&#8221;1_2,1_2&#8221; _builder_version=&#8221;4.27.4&#8221; _module_preset=&#8221;default&#8221; min_height=&#8221;487.2px&#8221; custom_padding=&#8221;||71px|||&#8221; global_colors_info=&#8221;{}&#8221;][et_pb_column type=&#8221;1_2&#8221; _builder_version=&#8221;4.27.4&#8221; _module_preset=&#8221;default&#8221; global_colors_info=&#8221;{}&#8221;][et_pb_text _builder_version=&#8221;4.27.4&#8221; _module_preset=&#8221;default&#8221; text_font_size=&#8221;20px&#8221; custom_margin=&#8221;||3px|||&#8221; hover_enabled=&#8221;0&#8221; global_colors_info=&#8221;{}&#8221; sticky_enabled=&#8221;0&#8221;]<b><\/b><\/p>\n<p><b><\/b><\/p>\n<p><b>Kontaktirajte nas i dobi\u0107ete sve \u017eeljene informacije u najkra\u0107em roku<\/b><\/p>\n<p>&nbsp;<\/p>\n<h3>Kontakt telefon: <span style=\"color: #3366ff;\"><a href=\"tel:+382 63 432 476\">+382 63 432 476<\/a><\/span><\/h3>\n<h3>Email: <span style=\"color: #3366ff;\"><a href=\"mailto:parfemskimanijak@gmail.com\">parfemskimanijak@gmail.com<\/a><\/span><\/h3>\n<p><span style=\"color: #3366ff;\"><\/span><\/p>\n<p>&nbsp;[\/et_pb_text][et_pb_image src=&#8221;https:\/\/parfemskimanijak.com\/wp-content\/uploads\/2025\/06\/viber-whatsapp.png&#8221; title_text=&#8221;viber-whatsapp&#8221; align=&#8221;center&#8221; _builder_version=&#8221;4.27.4&#8221; _module_preset=&#8221;default&#8221; global_colors_info=&#8221;{}&#8221;][\/et_pb_image][\/et_pb_column][et_pb_column type=&#8221;1_2&#8221; _builder_version=&#8221;4.27.4&#8221; _module_preset=&#8221;default&#8221; global_colors_info=&#8221;{}&#8221;][et_pb_image src=&#8221;https:\/\/parfemskimanijak.com\/wp-content\/uploads\/2025\/06\/kontakt-parfemi-podgorica-1.jpg&#8221; title_text=&#8221;kontakt-parfemi-podgorica&#8221; _builder_version=&#8221;4.27.4&#8221; _module_preset=&#8221;default&#8221; global_colors_info=&#8221;{}&#8221;][\/et_pb_image][\/et_pb_column][\/et_pb_row][\/et_pb_section]<\/p>\n","protected":false},"excerpt":{"rendered":"<p>\u00a0Parfemi Podgorica Kontakt Kontaktirajte nas i dobi\u0107ete sve \u017eeljene informacije u najkra\u0107em roku &nbsp; Kontakt telefon: +382 63 432 476 Email: parfemskimanijak@gmail.com &nbsp;<\/p>\n","protected":false},"author":1,"featured_media":0,"parent":0,"menu_order":0,"comment_status":"closed","ping_status":"closed","template":"","meta":{"_et_pb_use_builder":"on","_et_pb_old_content":"","_et_gb_content_width":"","footnotes":""},"class_list":["post-229","page","type-page","status-publish","hentry"],"_links":{"self":[{"href":"https:\/\/parfemskimanijak.com\/index.php?rest_route=\/wp\/v2\/pages\/229","targetHints":{"allow":["GET"]}}],"collection":[{"href":"https:\/\/parfemskimanijak.com\/index.php?rest_route=\/wp\/v2\/pages"}],"about":[{"href":"https:\/\/parfemskimanijak.com\/index.php?rest_route=\/wp\/v2\/types\/page"}],"author":[{"embeddable":true,"href":"https:\/\/parfemskimanijak.com\/index.php?rest_route=\/wp\/v2\/users\/1"}],"replies":[{"embeddable":true,"href":"https:\/\/parfemskimanijak.com\/index.php?rest_route=%2Fwp%2Fv2%2Fcomments&post=229"}],"version-history":[{"count":6,"href":"https:\/\/parfemskimanijak.com\/index.php?rest_route=\/wp\/v2\/pages\/229\/revisions"}],"predecessor-version":[{"id":742,"href":"https:\/\/parfemskimanijak.com\/index.php?rest_route=\/wp\/v2\/pages\/229\/revisions\/742"}],"wp:attachment":[{"href":"https:\/\/parfemskimanijak.com\/index.php?rest_route=%2Fwp%2Fv2%2Fmedia&parent=229"}],"curies":[{"name":"wp","href":"https:\/\/api.w.org\/{rel}","templated":true}]}}