{"id":174,"date":"2025-06-29T06:44:49","date_gmt":"2025-06-29T06:44:49","guid":{"rendered":"https:\/\/parfemskimanijak.com\/?post_type=product&#038;p=174"},"modified":"2025-10-21T20:42:47","modified_gmt":"2025-10-21T20:42:47","slug":"versace-eros-eau-de-parfum","status":"publish","type":"product","link":"https:\/\/parfemskimanijak.com\/?product=versace-eros-eau-de-parfum","title":{"rendered":"Versace Eros Eau de Parfum"},"content":{"rendered":"","protected":false},"excerpt":{"rendered":"<p><strong>Mirisne note:<\/strong><\/p>\n<ul class=\"no-indent\">\n<li><strong>Gornje note:<\/strong>\u00a0Nana, \u0160e\u0107erna Jabuka, Limun i Mandarina<\/li>\n<li><strong>Srednje note:<\/strong>\u00a0Ambroksan, Geranium i Mu\u0161katna \u017ealfija<\/li>\n<li><strong>Bazne note:<\/strong>\u00a0Vanila, Ko\u017ea, Sandalovo drvo, Kedar, Ljuta narand\u017ea i pa\u010duli<\/li>\n<\/ul>\n<h2><\/h2>\n<table class=\"woocommerce-product-attributes shop_attributes\" aria-label=\"Product Details\">\n<tbody>\n<tr class=\"woocommerce-product-attributes-item woocommerce-product-attributes-item--attribute_pa_brend\">\n<th class=\"woocommerce-product-attributes-item__label\" scope=\"row\">Brend<\/th>\n<td class=\"woocommerce-product-attributes-item__value\">Versace<\/td>\n<\/tr>\n<tr class=\"woocommerce-product-attributes-item woocommerce-product-attributes-item--attribute_pa_pakovanje\">\n<th class=\"woocommerce-product-attributes-item__label\" scope=\"row\">Pakovanje<\/th>\n<td class=\"woocommerce-product-attributes-item__value\">100ml<\/td>\n<\/tr>\n<tr class=\"woocommerce-product-attributes-item woocommerce-product-attributes-item--attribute_pa_pol\">\n<th class=\"woocommerce-product-attributes-item__label\" scope=\"row\">Pol<\/th>\n<td class=\"woocommerce-product-attributes-item__value\">Mu\u0161ki<\/td>\n<\/tr>\n<tr class=\"woocommerce-product-attributes-item woocommerce-product-attributes-item--attribute_pa_tip-tecnosti\">\n<th class=\"woocommerce-product-attributes-item__label\" scope=\"row\">Tip Te\u010dnosti<\/th>\n<td class=\"woocommerce-product-attributes-item__value\">Parfem<\/td>\n<\/tr>\n<\/tbody>\n<\/table>\n<p>&nbsp;<\/p>\n<div class=\"quantity buttons_added\"><\/div>\n<p>Dostava kurirom \u2013 Cijela Crna Gora: Podgorica, Danilovgrad, Nik\u0161i\u0107, Cetinje, \u0160avnik, Plu\u017eine, \u017dabljak, Pljevlja, Berane, Petnjica, Ro\u017eaje, Plav, Bijelo Polje, Ulcinj, Bar, Petrovac, Budva, Tivat, Kotor, Herceg Novi.<\/p>\n<p><strong>Pozovite ili po\u0161aljite poruku na: 063 432 476 \u2013 Viber, WhatsApp<\/strong><\/p>\n","protected":false},"featured_media":175,"comment_status":"open","ping_status":"closed","template":"","meta":{"_et_pb_use_builder":"","_et_pb_old_content":"","_et_gb_content_width":""},"product_brand":[29],"product_cat":[24,21],"product_tag":[],"class_list":{"0":"post-174","1":"product","2":"type-product","3":"status-publish","4":"has-post-thumbnail","6":"product_brand-versace","7":"product_cat-izdvajamo","8":"product_cat-muski-parfem","10":"first","11":"instock","12":"sale","13":"taxable","14":"shipping-taxable","15":"purchasable","16":"product-type-simple"},"_links":{"self":[{"href":"https:\/\/parfemskimanijak.com\/index.php?rest_route=\/wp\/v2\/product\/174","targetHints":{"allow":["GET"]}}],"collection":[{"href":"https:\/\/parfemskimanijak.com\/index.php?rest_route=\/wp\/v2\/product"}],"about":[{"href":"https:\/\/parfemskimanijak.com\/index.php?rest_route=\/wp\/v2\/types\/product"}],"replies":[{"embeddable":true,"href":"https:\/\/parfemskimanijak.com\/index.php?rest_route=%2Fwp%2Fv2%2Fcomments&post=174"}],"wp:featuredmedia":[{"embeddable":true,"href":"https:\/\/parfemskimanijak.com\/index.php?rest_route=\/wp\/v2\/media\/175"}],"wp:attachment":[{"href":"https:\/\/parfemskimanijak.com\/index.php?rest_route=%2Fwp%2Fv2%2Fmedia&parent=174"}],"wp:term":[{"taxonomy":"product_brand","embeddable":true,"href":"https:\/\/parfemskimanijak.com\/index.php?rest_route=%2Fwp%2Fv2%2Fproduct_brand&post=174"},{"taxonomy":"product_cat","embeddable":true,"href":"https:\/\/parfemskimanijak.com\/index.php?rest_route=%2Fwp%2Fv2%2Fproduct_cat&post=174"},{"taxonomy":"product_tag","embeddable":true,"href":"https:\/\/parfemskimanijak.com\/index.php?rest_route=%2Fwp%2Fv2%2Fproduct_tag&post=174"}],"curies":[{"name":"wp","href":"https:\/\/api.w.org\/{rel}","templated":true}]}}