{"id":271,"date":"2025-06-30T21:57:49","date_gmt":"2025-06-30T21:57:49","guid":{"rendered":"https:\/\/parfemskimanijak.com\/?post_type=product&#038;p=271"},"modified":"2025-10-21T20:58:52","modified_gmt":"2025-10-21T20:58:52","slug":"tom-ford-noir","status":"publish","type":"product","link":"https:\/\/parfemskimanijak.com\/?product=tom-ford-noir","title":{"rendered":"Tom Ford Noir"},"content":{"rendered":"","protected":false},"excerpt":{"rendered":"<p><strong>Mirisne note:<\/strong><\/p>\n<ul class=\"no-indent\">\n<li><strong>Gornje note:<\/strong>\u00a0bergamot, verbena, kim, ru\u017ei\u010dasti biber, ljubi\u010dica<\/li>\n<li><strong>Srednje note:<\/strong>\u00a0muskantni orah, iris iz Toskane, geranijum, bugarska ru\u017ea, \u017ealfija<\/li>\n<li><strong>Bazne note:<\/strong>\u00a0\u0107ilibar, pa\u010duli, vetiver, ko\u017ea<\/li>\n<\/ul>\n<h2><\/h2>\n<table class=\"woocommerce-product-attributes shop_attributes\" aria-label=\"Product Details\">\n<tbody>\n<tr class=\"woocommerce-product-attributes-item woocommerce-product-attributes-item--attribute_pa_brend\">\n<th class=\"woocommerce-product-attributes-item__label\" scope=\"row\">Brend<\/th>\n<td class=\"woocommerce-product-attributes-item__value\">Tom Ford<\/td>\n<\/tr>\n<tr class=\"woocommerce-product-attributes-item woocommerce-product-attributes-item--attribute_pa_pakovanje\">\n<th class=\"woocommerce-product-attributes-item__label\" scope=\"row\">Pakovanje<\/th>\n<td class=\"woocommerce-product-attributes-item__value\">100ml<\/td>\n<\/tr>\n<tr class=\"woocommerce-product-attributes-item woocommerce-product-attributes-item--attribute_pa_pol\">\n<th class=\"woocommerce-product-attributes-item__label\" scope=\"row\">Pol<\/th>\n<td class=\"woocommerce-product-attributes-item__value\">Mu\u0161ki<\/td>\n<\/tr>\n<tr class=\"woocommerce-product-attributes-item woocommerce-product-attributes-item--attribute_pa_tip-tecnosti\">\n<th class=\"woocommerce-product-attributes-item__label\" scope=\"row\">Tip Te\u010dnosti<\/th>\n<td class=\"woocommerce-product-attributes-item__value\">Parfem<\/td>\n<\/tr>\n<\/tbody>\n<\/table>\n<p>&nbsp;<\/p>\n","protected":false},"featured_media":272,"comment_status":"open","ping_status":"closed","template":"","meta":{"_et_pb_use_builder":"","_et_pb_old_content":"","_et_gb_content_width":""},"product_brand":[26],"product_cat":[21],"product_tag":[],"class_list":{"0":"post-271","1":"product","2":"type-product","3":"status-publish","4":"has-post-thumbnail","6":"product_brand-tom-ford","7":"product_cat-muski-parfem","9":"first","10":"instock","11":"sale","12":"taxable","13":"shipping-taxable","14":"purchasable","15":"product-type-simple"},"_links":{"self":[{"href":"https:\/\/parfemskimanijak.com\/index.php?rest_route=\/wp\/v2\/product\/271","targetHints":{"allow":["GET"]}}],"collection":[{"href":"https:\/\/parfemskimanijak.com\/index.php?rest_route=\/wp\/v2\/product"}],"about":[{"href":"https:\/\/parfemskimanijak.com\/index.php?rest_route=\/wp\/v2\/types\/product"}],"replies":[{"embeddable":true,"href":"https:\/\/parfemskimanijak.com\/index.php?rest_route=%2Fwp%2Fv2%2Fcomments&post=271"}],"wp:featuredmedia":[{"embeddable":true,"href":"https:\/\/parfemskimanijak.com\/index.php?rest_route=\/wp\/v2\/media\/272"}],"wp:attachment":[{"href":"https:\/\/parfemskimanijak.com\/index.php?rest_route=%2Fwp%2Fv2%2Fmedia&parent=271"}],"wp:term":[{"taxonomy":"product_brand","embeddable":true,"href":"https:\/\/parfemskimanijak.com\/index.php?rest_route=%2Fwp%2Fv2%2Fproduct_brand&post=271"},{"taxonomy":"product_cat","embeddable":true,"href":"https:\/\/parfemskimanijak.com\/index.php?rest_route=%2Fwp%2Fv2%2Fproduct_cat&post=271"},{"taxonomy":"product_tag","embeddable":true,"href":"https:\/\/parfemskimanijak.com\/index.php?rest_route=%2Fwp%2Fv2%2Fproduct_tag&post=271"}],"curies":[{"name":"wp","href":"https:\/\/api.w.org\/{rel}","templated":true}]}}