{"id":530,"date":"2025-07-04T08:16:52","date_gmt":"2025-07-04T08:16:52","guid":{"rendered":"https:\/\/parfemskimanijak.com\/?post_type=product&#038;p=530"},"modified":"2025-10-21T22:03:04","modified_gmt":"2025-10-21T22:03:04","slug":"paco-rabanne-pure-xs-for-him","status":"publish","type":"product","link":"https:\/\/parfemskimanijak.com\/?product=paco-rabanne-pure-xs-for-him","title":{"rendered":"Paco Rabanne Pure XS For Him"},"content":{"rendered":"","protected":false},"excerpt":{"rendered":"<p><strong>Mirisne note:<\/strong><\/p>\n<ul class=\"no-indent\">\n<li><strong>Gornje note:<\/strong>\u00a0\u0111umbir, zelene note, maj\u010dina du\u0161ica, bergamot, grejp<\/li>\n<li><strong>Srednje note:<\/strong>\u00a0vanila, cimet, ko\u017ea, liker, jabuka<\/li>\n<li><strong>Bazne note:<\/strong>\u00a0kedar, miro, \u0161e\u0107er, cashmeran, pa\u010duli, drvene note<\/li>\n<\/ul>\n<h2><\/h2>\n<table class=\"woocommerce-product-attributes shop_attributes\" aria-label=\"Product Details\">\n<tbody>\n<tr class=\"woocommerce-product-attributes-item woocommerce-product-attributes-item--attribute_pa_brend\">\n<th class=\"woocommerce-product-attributes-item__label\" scope=\"row\">Brend<\/th>\n<td class=\"woocommerce-product-attributes-item__value\">Paco Rabanne<\/td>\n<\/tr>\n<tr class=\"woocommerce-product-attributes-item woocommerce-product-attributes-item--attribute_pa_pakovanje\">\n<th class=\"woocommerce-product-attributes-item__label\" scope=\"row\">Pakovanje<\/th>\n<td class=\"woocommerce-product-attributes-item__value\">100ml<\/td>\n<\/tr>\n<tr class=\"woocommerce-product-attributes-item woocommerce-product-attributes-item--attribute_pa_pol\">\n<th class=\"woocommerce-product-attributes-item__label\" scope=\"row\">Pol<\/th>\n<td class=\"woocommerce-product-attributes-item__value\">Mu\u0161ki<\/td>\n<\/tr>\n<tr class=\"woocommerce-product-attributes-item woocommerce-product-attributes-item--attribute_pa_tip-tecnosti\">\n<th class=\"woocommerce-product-attributes-item__label\" scope=\"row\">Tip Te\u010dnosti<\/th>\n<td class=\"woocommerce-product-attributes-item__value\">Toaletna Voda<\/td>\n<\/tr>\n<\/tbody>\n<\/table>\n","protected":false},"featured_media":531,"comment_status":"open","ping_status":"closed","template":"","meta":{"_et_pb_use_builder":"","_et_pb_old_content":"","_et_gb_content_width":""},"product_brand":[48],"product_cat":[24,21],"product_tag":[],"class_list":{"0":"post-530","1":"product","2":"type-product","3":"status-publish","4":"has-post-thumbnail","6":"product_brand-paco-rabanne","7":"product_cat-izdvajamo","8":"product_cat-muski-parfem","10":"first","11":"instock","12":"sale","13":"taxable","14":"shipping-taxable","15":"purchasable","16":"product-type-simple"},"_links":{"self":[{"href":"https:\/\/parfemskimanijak.com\/index.php?rest_route=\/wp\/v2\/product\/530","targetHints":{"allow":["GET"]}}],"collection":[{"href":"https:\/\/parfemskimanijak.com\/index.php?rest_route=\/wp\/v2\/product"}],"about":[{"href":"https:\/\/parfemskimanijak.com\/index.php?rest_route=\/wp\/v2\/types\/product"}],"replies":[{"embeddable":true,"href":"https:\/\/parfemskimanijak.com\/index.php?rest_route=%2Fwp%2Fv2%2Fcomments&post=530"}],"wp:featuredmedia":[{"embeddable":true,"href":"https:\/\/parfemskimanijak.com\/index.php?rest_route=\/wp\/v2\/media\/531"}],"wp:attachment":[{"href":"https:\/\/parfemskimanijak.com\/index.php?rest_route=%2Fwp%2Fv2%2Fmedia&parent=530"}],"wp:term":[{"taxonomy":"product_brand","embeddable":true,"href":"https:\/\/parfemskimanijak.com\/index.php?rest_route=%2Fwp%2Fv2%2Fproduct_brand&post=530"},{"taxonomy":"product_cat","embeddable":true,"href":"https:\/\/parfemskimanijak.com\/index.php?rest_route=%2Fwp%2Fv2%2Fproduct_cat&post=530"},{"taxonomy":"product_tag","embeddable":true,"href":"https:\/\/parfemskimanijak.com\/index.php?rest_route=%2Fwp%2Fv2%2Fproduct_tag&post=530"}],"curies":[{"name":"wp","href":"https:\/\/api.w.org\/{rel}","templated":true}]}}