{"id":606,"date":"2025-07-04T19:11:06","date_gmt":"2025-07-04T19:11:06","guid":{"rendered":"https:\/\/parfemskimanijak.com\/?post_type=product&#038;p=606"},"modified":"2025-10-21T22:56:26","modified_gmt":"2025-10-21T22:56:26","slug":"mancera-roses-vanille","status":"publish","type":"product","link":"https:\/\/parfemskimanijak.com\/?product=mancera-roses-vanille","title":{"rendered":"Mancera Roses Vanille"},"content":{"rendered":"","protected":false},"excerpt":{"rendered":"<p><strong>Mirisne note:<\/strong><\/p>\n<ul class=\"no-indent\">\n<li><strong>Gornje note:<\/strong>\u00a0vodene note, limun<\/li>\n<li><strong>Srednje note:<\/strong>\u00a0ru\u017ea, \u0161e\u0107er<\/li>\n<li><strong>Bazne note:<\/strong>\u00a0kedar, vanila, \u0161e\u0107er, beli mo\u0161us<\/li>\n<\/ul>\n<h2><\/h2>\n<table class=\"woocommerce-product-attributes shop_attributes\" style=\"width: 143px\" aria-label=\"Product Details\">\n<tbody>\n<tr class=\"woocommerce-product-attributes-item woocommerce-product-attributes-item--attribute_pa_brend\">\n<th class=\"woocommerce-product-attributes-item__label\" style=\"width: 73.8875px\" scope=\"row\">Brend<\/th>\n<td class=\"woocommerce-product-attributes-item__value\" style=\"width: 55.5125px\">Mancera<\/td>\n<\/tr>\n<tr class=\"woocommerce-product-attributes-item woocommerce-product-attributes-item--attribute_pa_pakovanje\">\n<th class=\"woocommerce-product-attributes-item__label\" style=\"width: 73.8875px\" scope=\"row\">Pakovanje<\/th>\n<td class=\"woocommerce-product-attributes-item__value\" style=\"width: 55.5125px\">120ml<\/td>\n<\/tr>\n<tr class=\"woocommerce-product-attributes-item woocommerce-product-attributes-item--attribute_pa_pol\">\n<th class=\"woocommerce-product-attributes-item__label\" style=\"width: 73.8875px\" scope=\"row\">Pol<\/th>\n<td class=\"woocommerce-product-attributes-item__value\" style=\"width: 55.5125px\">\u017denski<\/td>\n<\/tr>\n<tr class=\"woocommerce-product-attributes-item woocommerce-product-attributes-item--attribute_pa_tip-tecnosti\">\n<th class=\"woocommerce-product-attributes-item__label\" style=\"width: 73.8875px\" scope=\"row\">Tip Te\u010dnosti<\/th>\n<td class=\"woocommerce-product-attributes-item__value\" style=\"width: 55.5125px\">Parfem<\/td>\n<\/tr>\n<\/tbody>\n<\/table>\n","protected":false},"featured_media":607,"comment_status":"open","ping_status":"closed","template":"","meta":{"_et_pb_use_builder":"","_et_pb_old_content":"","_et_gb_content_width":""},"product_brand":[58],"product_cat":[24,23],"product_tag":[],"class_list":{"0":"post-606","1":"product","2":"type-product","3":"status-publish","4":"has-post-thumbnail","6":"product_brand-mancera","7":"product_cat-izdvajamo","8":"product_cat-unisex-parfem","10":"first","11":"instock","12":"sale","13":"taxable","14":"shipping-taxable","15":"purchasable","16":"product-type-simple"},"_links":{"self":[{"href":"https:\/\/parfemskimanijak.com\/index.php?rest_route=\/wp\/v2\/product\/606","targetHints":{"allow":["GET"]}}],"collection":[{"href":"https:\/\/parfemskimanijak.com\/index.php?rest_route=\/wp\/v2\/product"}],"about":[{"href":"https:\/\/parfemskimanijak.com\/index.php?rest_route=\/wp\/v2\/types\/product"}],"replies":[{"embeddable":true,"href":"https:\/\/parfemskimanijak.com\/index.php?rest_route=%2Fwp%2Fv2%2Fcomments&post=606"}],"wp:featuredmedia":[{"embeddable":true,"href":"https:\/\/parfemskimanijak.com\/index.php?rest_route=\/wp\/v2\/media\/607"}],"wp:attachment":[{"href":"https:\/\/parfemskimanijak.com\/index.php?rest_route=%2Fwp%2Fv2%2Fmedia&parent=606"}],"wp:term":[{"taxonomy":"product_brand","embeddable":true,"href":"https:\/\/parfemskimanijak.com\/index.php?rest_route=%2Fwp%2Fv2%2Fproduct_brand&post=606"},{"taxonomy":"product_cat","embeddable":true,"href":"https:\/\/parfemskimanijak.com\/index.php?rest_route=%2Fwp%2Fv2%2Fproduct_cat&post=606"},{"taxonomy":"product_tag","embeddable":true,"href":"https:\/\/parfemskimanijak.com\/index.php?rest_route=%2Fwp%2Fv2%2Fproduct_tag&post=606"}],"curies":[{"name":"wp","href":"https:\/\/api.w.org\/{rel}","templated":true}]}}